{"id":1883,"date":"2024-08-30T20:48:36","date_gmt":"2024-08-30T20:48:36","guid":{"rendered":"https:\/\/www.ecologiaysalud.org\/?page_id=1883"},"modified":"2025-05-21T13:59:37","modified_gmt":"2025-05-21T13:59:37","slug":"membership-join","status":"publish","type":"page","link":"https:\/\/www.ecologiaysalud.org\/?page_id=1883","title":{"rendered":"Join Us"},"content":{"rendered":"<p><strong>Free Membership<\/strong><\/p>\n<p>En colaboraci\u00f3n con el <a href=\"https:\/\/www.aeped.es\/comite-salud-medioambiental\" target=\"_blank\" rel=\"noopener\"><strong>comit\u00e9 de Salud Medioambiental de la AEP<\/strong><\/a> te ofrecemos acceso GRATUITO a <strong>una versi\u00f3n resumida<\/strong> html del libro <strong>\u00d3rbita TEAF: El pulso de la Salud Planetaria.\u00a0<\/strong><\/p>\n<p><em><strong>Inscripci\u00f3n gratuita!<\/strong><\/em><\/p>\n<p><a href=\"https:\/\/www.ecologiaysalud.org\/?page_id=1884\"><img loading=\"lazy\" decoding=\"async\" class=\"alignnone\" title=\"Join Now\" src=\"https:\/\/www.ecologiaysalud.org\/wp-content\/plugins\/simple-membership\/images\/join-now-button-image.gif\" alt=\"Unete a nosotros\" width=\"277\" height=\"82\" \/><\/a><\/p>\n<p style=\"border-bottom: 1px solid #ccc; padding-bottom: 10px; margin-bottom: 10px;\">\n","protected":false},"excerpt":{"rendered":"<p>Free Membership En colaboraci\u00f3n con el comit\u00e9 de Salud Medioambiental de la AEP te ofrecemos acceso GRATUITO a una versi\u00f3n resumida html del libro \u00d3rbita TEAF: El pulso de la<span class=\"more-button\"><a href=\"https:\/\/www.ecologiaysalud.org\/?page_id=1883\" class=\"more-link\">Seguir leyendo<span class=\"screen-reader-text\">Join Us<\/span><\/a><\/span><\/p>\n","protected":false},"author":1,"featured_media":0,"parent":0,"menu_order":0,"comment_status":"closed","ping_status":"closed","template":"","meta":{"_mi_skip_tracking":false,"footnotes":""},"class_list":["post-1883","page","type-page","status-publish","hentry"],"yoast_head":"<!-- This site is optimized with the Yoast SEO plugin v20.3 - https:\/\/yoast.com\/wordpress\/plugins\/seo\/ -->\n<title>Join Us - Asociaci\u00f3n Ecolog\u00eda y Salud<\/title>\n<meta name=\"robots\" content=\"index, follow, max-snippet:-1, max-image-preview:large, max-video-preview:-1\" \/>\n<link rel=\"canonical\" href=\"https:\/\/www.ecologiaysalud.org\/?page_id=1883\" \/>\n<meta property=\"og:locale\" content=\"es_ES\" \/>\n<meta property=\"og:type\" content=\"article\" \/>\n<meta property=\"og:title\" content=\"Join Us - Asociaci\u00f3n Ecolog\u00eda y Salud\" \/>\n<meta property=\"og:description\" content=\"Free Membership En colaboraci\u00f3n con el comit\u00e9 de Salud Medioambiental de la AEP te ofrecemos acceso GRATUITO a una versi\u00f3n resumida html del libro \u00d3rbita TEAF: El pulso de laSeguir leyendoJoin Us\" \/>\n<meta property=\"og:url\" content=\"https:\/\/www.ecologiaysalud.org\/?page_id=1883\" \/>\n<meta property=\"og:site_name\" content=\"Asociaci\u00f3n Ecolog\u00eda y Salud\" \/>\n<meta property=\"article:modified_time\" content=\"2025-05-21T13:59:37+00:00\" \/>\n<meta property=\"og:image\" content=\"https:\/\/www.ecologiaysalud.org\/wp-content\/plugins\/simple-membership\/images\/join-now-button-image.gif\" \/>\n<meta name=\"twitter:card\" content=\"summary_large_image\" \/>\n<meta name=\"twitter:label1\" content=\"Tiempo de lectura\" \/>\n\t<meta name=\"twitter:data1\" content=\"1 minuto\" \/>\n<script type=\"application\/ld+json\" class=\"yoast-schema-graph\">{\"@context\":\"https:\/\/schema.org\",\"@graph\":[{\"@type\":\"WebPage\",\"@id\":\"https:\/\/www.ecologiaysalud.org\/?page_id=1883\",\"url\":\"https:\/\/www.ecologiaysalud.org\/?page_id=1883\",\"name\":\"Join Us - Asociaci\u00f3n Ecolog\u00eda y Salud\",\"isPartOf\":{\"@id\":\"https:\/\/www.ecologiaysalud.org\/#website\"},\"datePublished\":\"2024-08-30T20:48:36+00:00\",\"dateModified\":\"2025-05-21T13:59:37+00:00\",\"breadcrumb\":{\"@id\":\"https:\/\/www.ecologiaysalud.org\/?page_id=1883#breadcrumb\"},\"inLanguage\":\"es\",\"potentialAction\":[{\"@type\":\"ReadAction\",\"target\":[\"https:\/\/www.ecologiaysalud.org\/?page_id=1883\"]}]},{\"@type\":\"BreadcrumbList\",\"@id\":\"https:\/\/www.ecologiaysalud.org\/?page_id=1883#breadcrumb\",\"itemListElement\":[{\"@type\":\"ListItem\",\"position\":1,\"name\":\"Portada\",\"item\":\"https:\/\/www.ecologiaysalud.org\/\"},{\"@type\":\"ListItem\",\"position\":2,\"name\":\"Join Us\"}]},{\"@type\":\"WebSite\",\"@id\":\"https:\/\/www.ecologiaysalud.org\/#website\",\"url\":\"https:\/\/www.ecologiaysalud.org\/\",\"name\":\"Asociaci\u00f3n Ecolog\u00eda y Salud\",\"description\":\"Todo est\u00e1 interconectado. Enraizamos la salud humana con la del planeta.\",\"publisher\":{\"@id\":\"https:\/\/www.ecologiaysalud.org\/#organization\"},\"potentialAction\":[{\"@type\":\"SearchAction\",\"target\":{\"@type\":\"EntryPoint\",\"urlTemplate\":\"https:\/\/www.ecologiaysalud.org\/?s={search_term_string}\"},\"query-input\":\"required name=search_term_string\"}],\"inLanguage\":\"es\"},{\"@type\":\"Organization\",\"@id\":\"https:\/\/www.ecologiaysalud.org\/#organization\",\"name\":\"Asociaci\u00f3n Ecolog\u00eda y Salud\",\"url\":\"https:\/\/www.ecologiaysalud.org\/\",\"logo\":{\"@type\":\"ImageObject\",\"inLanguage\":\"es\",\"@id\":\"https:\/\/www.ecologiaysalud.org\/#\/schema\/logo\/image\/\",\"url\":\"https:\/\/www.ecologiaysalud.org\/wp-content\/uploads\/2023\/03\/cropped-logo_ecosalud.jpg\",\"contentUrl\":\"https:\/\/www.ecologiaysalud.org\/wp-content\/uploads\/2023\/03\/cropped-logo_ecosalud.jpg\",\"width\":495,\"height\":308,\"caption\":\"Asociaci\u00f3n Ecolog\u00eda y Salud\"},\"image\":{\"@id\":\"https:\/\/www.ecologiaysalud.org\/#\/schema\/logo\/image\/\"}}]}<\/script>\n<!-- \/ Yoast SEO plugin. -->","yoast_head_json":{"title":"Join Us - Asociaci\u00f3n Ecolog\u00eda y Salud","robots":{"index":"index","follow":"follow","max-snippet":"max-snippet:-1","max-image-preview":"max-image-preview:large","max-video-preview":"max-video-preview:-1"},"canonical":"https:\/\/www.ecologiaysalud.org\/?page_id=1883","og_locale":"es_ES","og_type":"article","og_title":"Join Us - Asociaci\u00f3n Ecolog\u00eda y Salud","og_description":"Free Membership En colaboraci\u00f3n con el comit\u00e9 de Salud Medioambiental de la AEP te ofrecemos acceso GRATUITO a una versi\u00f3n resumida html del libro \u00d3rbita TEAF: El pulso de laSeguir leyendoJoin Us","og_url":"https:\/\/www.ecologiaysalud.org\/?page_id=1883","og_site_name":"Asociaci\u00f3n Ecolog\u00eda y Salud","article_modified_time":"2025-05-21T13:59:37+00:00","og_image":[{"url":"https:\/\/www.ecologiaysalud.org\/wp-content\/plugins\/simple-membership\/images\/join-now-button-image.gif"}],"twitter_card":"summary_large_image","twitter_misc":{"Tiempo de lectura":"1 minuto"},"schema":{"@context":"https:\/\/schema.org","@graph":[{"@type":"WebPage","@id":"https:\/\/www.ecologiaysalud.org\/?page_id=1883","url":"https:\/\/www.ecologiaysalud.org\/?page_id=1883","name":"Join Us - Asociaci\u00f3n Ecolog\u00eda y Salud","isPartOf":{"@id":"https:\/\/www.ecologiaysalud.org\/#website"},"datePublished":"2024-08-30T20:48:36+00:00","dateModified":"2025-05-21T13:59:37+00:00","breadcrumb":{"@id":"https:\/\/www.ecologiaysalud.org\/?page_id=1883#breadcrumb"},"inLanguage":"es","potentialAction":[{"@type":"ReadAction","target":["https:\/\/www.ecologiaysalud.org\/?page_id=1883"]}]},{"@type":"BreadcrumbList","@id":"https:\/\/www.ecologiaysalud.org\/?page_id=1883#breadcrumb","itemListElement":[{"@type":"ListItem","position":1,"name":"Portada","item":"https:\/\/www.ecologiaysalud.org\/"},{"@type":"ListItem","position":2,"name":"Join Us"}]},{"@type":"WebSite","@id":"https:\/\/www.ecologiaysalud.org\/#website","url":"https:\/\/www.ecologiaysalud.org\/","name":"Asociaci\u00f3n Ecolog\u00eda y Salud","description":"Todo est\u00e1 interconectado. Enraizamos la salud humana con la del planeta.","publisher":{"@id":"https:\/\/www.ecologiaysalud.org\/#organization"},"potentialAction":[{"@type":"SearchAction","target":{"@type":"EntryPoint","urlTemplate":"https:\/\/www.ecologiaysalud.org\/?s={search_term_string}"},"query-input":"required name=search_term_string"}],"inLanguage":"es"},{"@type":"Organization","@id":"https:\/\/www.ecologiaysalud.org\/#organization","name":"Asociaci\u00f3n Ecolog\u00eda y Salud","url":"https:\/\/www.ecologiaysalud.org\/","logo":{"@type":"ImageObject","inLanguage":"es","@id":"https:\/\/www.ecologiaysalud.org\/#\/schema\/logo\/image\/","url":"https:\/\/www.ecologiaysalud.org\/wp-content\/uploads\/2023\/03\/cropped-logo_ecosalud.jpg","contentUrl":"https:\/\/www.ecologiaysalud.org\/wp-content\/uploads\/2023\/03\/cropped-logo_ecosalud.jpg","width":495,"height":308,"caption":"Asociaci\u00f3n Ecolog\u00eda y Salud"},"image":{"@id":"https:\/\/www.ecologiaysalud.org\/#\/schema\/logo\/image\/"}}]}},"jetpack_sharing_enabled":true,"_links":{"self":[{"href":"https:\/\/www.ecologiaysalud.org\/index.php?rest_route=\/wp\/v2\/pages\/1883","targetHints":{"allow":["GET"]}}],"collection":[{"href":"https:\/\/www.ecologiaysalud.org\/index.php?rest_route=\/wp\/v2\/pages"}],"about":[{"href":"https:\/\/www.ecologiaysalud.org\/index.php?rest_route=\/wp\/v2\/types\/page"}],"author":[{"embeddable":true,"href":"https:\/\/www.ecologiaysalud.org\/index.php?rest_route=\/wp\/v2\/users\/1"}],"replies":[{"embeddable":true,"href":"https:\/\/www.ecologiaysalud.org\/index.php?rest_route=%2Fwp%2Fv2%2Fcomments&post=1883"}],"version-history":[{"count":10,"href":"https:\/\/www.ecologiaysalud.org\/index.php?rest_route=\/wp\/v2\/pages\/1883\/revisions"}],"predecessor-version":[{"id":1939,"href":"https:\/\/www.ecologiaysalud.org\/index.php?rest_route=\/wp\/v2\/pages\/1883\/revisions\/1939"}],"wp:attachment":[{"href":"https:\/\/www.ecologiaysalud.org\/index.php?rest_route=%2Fwp%2Fv2%2Fmedia&parent=1883"}],"curies":[{"name":"wp","href":"https:\/\/api.w.org\/{rel}","templated":true}]}}