{"id":1884,"date":"2024-08-30T20:48:37","date_gmt":"2024-08-30T20:48:37","guid":{"rendered":"https:\/\/www.ecologiaysalud.org\/?page_id=1884"},"modified":"2024-08-30T20:48:37","modified_gmt":"2024-08-30T20:48:37","slug":"membership-registration","status":"publish","type":"page","link":"https:\/\/www.ecologiaysalud.org\/?page_id=1884","title":{"rendered":"Registro"},"content":{"rendered":"<div class=\"swpm-registration-widget-form\">\n    <form id=\"swpm-registration-form\" class=\"swpm-form\" name=\"swpm-registration-form\" method=\"post\" action=\"\">\n        <input type=\"hidden\" name=\"level_identifier\" value=\"c81e728d9d4c2f636f067f89cc14862c\" \/>\n        <div class=\"swpm-registration-form-section\">\n            <div class=\"swpm-form-row swpm-username-row\" >\n                <div class=\"swpm-form-label-wrap swpm-form-username-label-wrap\">\n                    <label for=\"user_name\">Nombre de usuario<\/label>\n                <\/div>\n                <div class=\"swpm-form-input-wrap swpm-form-username-input-wrap\">\n                    <input type=\"text\" id=\"user_name\" class=\"swpm-form-field swpm-form-username\" value=\"\" name=\"user_name\"  \/>\n                <\/div>\n                <div class=\"swpm-form-desc\"><\/div>\n            <\/div>\n            <div class=\"swpm-form-row swpm-email-row\">\n                <div class=\"swpm-form-label-wrap swpm-form-email-label-wrap\">\n                    <label for=\"email\">Correo electr\u00f3nico<\/label>\n                <\/div>\n                <div class=\"swpm-form-input-wrap swpm-form-email-input-wrap\">\n                    <input type=\"text\" autocomplete=\"off\" id=\"email\" class=\"swpm-form-field swpm-form-email\" value=\"\" name=\"email\" \/>\n                <\/div>\n                <div class=\"swpm-form-desc\"><\/div>\n            <\/div>\n            <div class=\"swpm-form-row swpm-password-row\">\n                <div class=\"swpm-form-label-wrap swpm-form-password-label-wrap\">\n                    <label for=\"password\">Contrase\u00f1a<\/label>\n                <\/div>\n                <div class=\"swpm-form-input-wrap swpm-form-password-input-wrap\">\n                    <input type=\"password\" autocomplete=\"off\" id=\"password\" class=\"swpm-form-field swpm-form-password\" value=\"\" name=\"password\" \/>\n                <\/div>\n                <div class=\"swpm-form-desc\"><\/div>\n            <\/div>\n            <div class=\"swpm-form-row swpm-repass-row\">\n                <div class=\"swpm-form-label-wrap swpm-form-repass-label-wrap\">\n                    <label for=\"password_re\">Repetir contrase\u00f1a<\/label>\n                <\/div>\n                <div class=\"swpm-form-input-wrap swpm-form-repass-input-wrap\">\n                    <input type=\"password\" autocomplete=\"off\" id=\"password_re\" class=\"swpm-form-field swpm-form-repass\" value=\"\" name=\"password_re\" \/>\n                <\/div>\n                <div class=\"swpm-form-desc\"><\/div>\n            <\/div>\n            <div class=\"swpm-form-row swpm-firstname-row\" >\n                <div class=\"swpm-form-label-wrap swpm-form-firstname-label-wrap\">\n                    <label for=\"first_name\">Nombre<\/label>\n                <\/div>\n                <div class=\"swpm-form-input-wrap swpm-form-firstname-input-wrap\">\n                    <input type=\"text\" id=\"first_name\" class=\"swpm-form-field swpm-form-firstname\" value=\"\" name=\"first_name\" \/>\n                <\/div>\n                <div class=\"swpm-form-desc\"><\/div>\n            <\/div>\n            <div class=\"swpm-form-row swpm-lastname-row\" >\n                <div class=\"swpm-form-label-wrap swpm-form-lastname-label-wrap\">\n                    <label for=\"last_name\">Apellidos<\/label>\n                <\/div>\n                <div class=\"swpm-form-input-wrap swpm-form-lastname-input-wrap\">\n                    <input type=\"text\" id=\"last_name\" class=\"swpm-form-field swpm-form-lastname\" value=\"\" name=\"last_name\" \/>\n                <\/div>\n                <div class=\"swpm-form-desc\"><\/div>\n            <\/div>\n            <div class=\"swpm-form-row swpm-membership-level-row\" >\n                <div class=\"swpm-form-label-wrap swpm-form-membership-level-label-wrap\">\n                    <label for=\"membership_level\">Nivel de membres\u00eda<\/label>\n                <\/div>\n                <div class=\"swpm-form-membership-level-value\">\n                    Gratuito<input type=\"hidden\" value=\"2\" size=\"50\" name=\"swpm_membership_level\" id=\"membership_level\" \/><input type=\"hidden\" name=\"swpm_level_hash\" value=\"db7e56070b9f25e8f819ea19f561762b\" \/>                <\/div>\n            <\/div>\n            \n                        <div class=\"swpm-before-registration-submit-section\" align=\"center\"><\/div>\n\n            <div class=\"swpm-form-row swpm-submit-section swpm-registration-submit-section\">\n                <button type=\"submit\" class=\"swpm-submit swpm-registration-submit-button swpm-submit-btn-default-style\">Registrarse<\/button>\n                <input type=\"hidden\" name=\"swpm_registration_submit\" value=\"Register\">\n            <\/div>\n        <\/div>\n\n        <input type=\"hidden\" name=\"action\" value=\"custom_posts\" \/>\n    <\/form>\n\n    <style>\n        .swpm-registration-submit-section{\n            text-align: center;\n        }\n        .swpm-form .swpm-form-row {\n            margin-bottom: 0.8rem;\n        }\n\n        .swpm-form .swpm-submit-section {\n            margin-top: 1rem;\n        }\n\n        .swpm-form .swpm-form-row.error .swpm-form-field {\n            border-color: #cc0000 !important;\n            outline-color: #cc0000 !important;\n        }\n\n        .swpm-form .swpm-form-row.error .swpm-form-desc {\n            color: #cc0000 !important;\n            font-size: smaller !important;\n        }\n\n        .swpm-form .swpm-form-row.error .swpm-form-desc>ul {\n            list-style: none !important;\n            padding: 0 !important;\n            margin: 4px 0 0 !important;\n        }\n    <\/style>\n<\/div>\n","protected":false},"excerpt":{"rendered":"","protected":false},"author":1,"featured_media":0,"parent":1883,"menu_order":0,"comment_status":"closed","ping_status":"closed","template":"","meta":{"_mi_skip_tracking":false,"footnotes":""},"class_list":["post-1884","page","type-page","status-publish","hentry"],"yoast_head":"<!-- This site is optimized with the Yoast SEO plugin v20.3 - https:\/\/yoast.com\/wordpress\/plugins\/seo\/ -->\n<title>Registro - Asociaci\u00f3n Ecolog\u00eda y Salud<\/title>\n<meta name=\"robots\" content=\"index, follow, max-snippet:-1, max-image-preview:large, max-video-preview:-1\" \/>\n<link rel=\"canonical\" href=\"https:\/\/www.ecologiaysalud.org\/?page_id=1884\" \/>\n<meta property=\"og:locale\" content=\"es_ES\" \/>\n<meta property=\"og:type\" content=\"article\" \/>\n<meta property=\"og:title\" content=\"Registro - Asociaci\u00f3n Ecolog\u00eda y Salud\" \/>\n<meta property=\"og:url\" content=\"https:\/\/www.ecologiaysalud.org\/?page_id=1884\" \/>\n<meta property=\"og:site_name\" content=\"Asociaci\u00f3n Ecolog\u00eda y Salud\" \/>\n<meta name=\"twitter:card\" content=\"summary_large_image\" \/>\n<script type=\"application\/ld+json\" class=\"yoast-schema-graph\">{\"@context\":\"https:\/\/schema.org\",\"@graph\":[{\"@type\":\"WebPage\",\"@id\":\"https:\/\/www.ecologiaysalud.org\/?page_id=1884\",\"url\":\"https:\/\/www.ecologiaysalud.org\/?page_id=1884\",\"name\":\"Registro - Asociaci\u00f3n Ecolog\u00eda y Salud\",\"isPartOf\":{\"@id\":\"https:\/\/www.ecologiaysalud.org\/#website\"},\"datePublished\":\"2024-08-30T20:48:37+00:00\",\"dateModified\":\"2024-08-30T20:48:37+00:00\",\"breadcrumb\":{\"@id\":\"https:\/\/www.ecologiaysalud.org\/?page_id=1884#breadcrumb\"},\"inLanguage\":\"es\",\"potentialAction\":[{\"@type\":\"ReadAction\",\"target\":[\"https:\/\/www.ecologiaysalud.org\/?page_id=1884\"]}]},{\"@type\":\"BreadcrumbList\",\"@id\":\"https:\/\/www.ecologiaysalud.org\/?page_id=1884#breadcrumb\",\"itemListElement\":[{\"@type\":\"ListItem\",\"position\":1,\"name\":\"Portada\",\"item\":\"https:\/\/www.ecologiaysalud.org\/\"},{\"@type\":\"ListItem\",\"position\":2,\"name\":\"Join Us\",\"item\":\"https:\/\/www.ecologiaysalud.org\/?page_id=1883\"},{\"@type\":\"ListItem\",\"position\":3,\"name\":\"Registro\"}]},{\"@type\":\"WebSite\",\"@id\":\"https:\/\/www.ecologiaysalud.org\/#website\",\"url\":\"https:\/\/www.ecologiaysalud.org\/\",\"name\":\"Asociaci\u00f3n Ecolog\u00eda y Salud\",\"description\":\"Todo est\u00e1 interconectado. Enraizamos la salud humana con la del planeta.\",\"publisher\":{\"@id\":\"https:\/\/www.ecologiaysalud.org\/#organization\"},\"potentialAction\":[{\"@type\":\"SearchAction\",\"target\":{\"@type\":\"EntryPoint\",\"urlTemplate\":\"https:\/\/www.ecologiaysalud.org\/?s={search_term_string}\"},\"query-input\":\"required name=search_term_string\"}],\"inLanguage\":\"es\"},{\"@type\":\"Organization\",\"@id\":\"https:\/\/www.ecologiaysalud.org\/#organization\",\"name\":\"Asociaci\u00f3n Ecolog\u00eda y Salud\",\"url\":\"https:\/\/www.ecologiaysalud.org\/\",\"logo\":{\"@type\":\"ImageObject\",\"inLanguage\":\"es\",\"@id\":\"https:\/\/www.ecologiaysalud.org\/#\/schema\/logo\/image\/\",\"url\":\"https:\/\/www.ecologiaysalud.org\/wp-content\/uploads\/2023\/03\/cropped-logo_ecosalud.jpg\",\"contentUrl\":\"https:\/\/www.ecologiaysalud.org\/wp-content\/uploads\/2023\/03\/cropped-logo_ecosalud.jpg\",\"width\":495,\"height\":308,\"caption\":\"Asociaci\u00f3n Ecolog\u00eda y Salud\"},\"image\":{\"@id\":\"https:\/\/www.ecologiaysalud.org\/#\/schema\/logo\/image\/\"}}]}<\/script>\n<!-- \/ Yoast SEO plugin. -->","yoast_head_json":{"title":"Registro - Asociaci\u00f3n Ecolog\u00eda y Salud","robots":{"index":"index","follow":"follow","max-snippet":"max-snippet:-1","max-image-preview":"max-image-preview:large","max-video-preview":"max-video-preview:-1"},"canonical":"https:\/\/www.ecologiaysalud.org\/?page_id=1884","og_locale":"es_ES","og_type":"article","og_title":"Registro - Asociaci\u00f3n Ecolog\u00eda y Salud","og_url":"https:\/\/www.ecologiaysalud.org\/?page_id=1884","og_site_name":"Asociaci\u00f3n Ecolog\u00eda y Salud","twitter_card":"summary_large_image","schema":{"@context":"https:\/\/schema.org","@graph":[{"@type":"WebPage","@id":"https:\/\/www.ecologiaysalud.org\/?page_id=1884","url":"https:\/\/www.ecologiaysalud.org\/?page_id=1884","name":"Registro - Asociaci\u00f3n Ecolog\u00eda y Salud","isPartOf":{"@id":"https:\/\/www.ecologiaysalud.org\/#website"},"datePublished":"2024-08-30T20:48:37+00:00","dateModified":"2024-08-30T20:48:37+00:00","breadcrumb":{"@id":"https:\/\/www.ecologiaysalud.org\/?page_id=1884#breadcrumb"},"inLanguage":"es","potentialAction":[{"@type":"ReadAction","target":["https:\/\/www.ecologiaysalud.org\/?page_id=1884"]}]},{"@type":"BreadcrumbList","@id":"https:\/\/www.ecologiaysalud.org\/?page_id=1884#breadcrumb","itemListElement":[{"@type":"ListItem","position":1,"name":"Portada","item":"https:\/\/www.ecologiaysalud.org\/"},{"@type":"ListItem","position":2,"name":"Join Us","item":"https:\/\/www.ecologiaysalud.org\/?page_id=1883"},{"@type":"ListItem","position":3,"name":"Registro"}]},{"@type":"WebSite","@id":"https:\/\/www.ecologiaysalud.org\/#website","url":"https:\/\/www.ecologiaysalud.org\/","name":"Asociaci\u00f3n Ecolog\u00eda y Salud","description":"Todo est\u00e1 interconectado. Enraizamos la salud humana con la del planeta.","publisher":{"@id":"https:\/\/www.ecologiaysalud.org\/#organization"},"potentialAction":[{"@type":"SearchAction","target":{"@type":"EntryPoint","urlTemplate":"https:\/\/www.ecologiaysalud.org\/?s={search_term_string}"},"query-input":"required name=search_term_string"}],"inLanguage":"es"},{"@type":"Organization","@id":"https:\/\/www.ecologiaysalud.org\/#organization","name":"Asociaci\u00f3n Ecolog\u00eda y Salud","url":"https:\/\/www.ecologiaysalud.org\/","logo":{"@type":"ImageObject","inLanguage":"es","@id":"https:\/\/www.ecologiaysalud.org\/#\/schema\/logo\/image\/","url":"https:\/\/www.ecologiaysalud.org\/wp-content\/uploads\/2023\/03\/cropped-logo_ecosalud.jpg","contentUrl":"https:\/\/www.ecologiaysalud.org\/wp-content\/uploads\/2023\/03\/cropped-logo_ecosalud.jpg","width":495,"height":308,"caption":"Asociaci\u00f3n Ecolog\u00eda y Salud"},"image":{"@id":"https:\/\/www.ecologiaysalud.org\/#\/schema\/logo\/image\/"}}]}},"jetpack_sharing_enabled":true,"_links":{"self":[{"href":"https:\/\/www.ecologiaysalud.org\/index.php?rest_route=\/wp\/v2\/pages\/1884","targetHints":{"allow":["GET"]}}],"collection":[{"href":"https:\/\/www.ecologiaysalud.org\/index.php?rest_route=\/wp\/v2\/pages"}],"about":[{"href":"https:\/\/www.ecologiaysalud.org\/index.php?rest_route=\/wp\/v2\/types\/page"}],"author":[{"embeddable":true,"href":"https:\/\/www.ecologiaysalud.org\/index.php?rest_route=\/wp\/v2\/users\/1"}],"replies":[{"embeddable":true,"href":"https:\/\/www.ecologiaysalud.org\/index.php?rest_route=%2Fwp%2Fv2%2Fcomments&post=1884"}],"version-history":[{"count":0,"href":"https:\/\/www.ecologiaysalud.org\/index.php?rest_route=\/wp\/v2\/pages\/1884\/revisions"}],"up":[{"embeddable":true,"href":"https:\/\/www.ecologiaysalud.org\/index.php?rest_route=\/wp\/v2\/pages\/1883"}],"wp:attachment":[{"href":"https:\/\/www.ecologiaysalud.org\/index.php?rest_route=%2Fwp%2Fv2%2Fmedia&parent=1884"}],"curies":[{"name":"wp","href":"https:\/\/api.w.org\/{rel}","templated":true}]}}