{"id":1885,"date":"2024-08-30T20:48:37","date_gmt":"2024-08-30T20:48:37","guid":{"rendered":"https:\/\/www.ecologiaysalud.org\/?page_id=1885"},"modified":"2024-08-30T20:48:37","modified_gmt":"2024-08-30T20:48:37","slug":"membership-login","status":"publish","type":"page","link":"https:\/\/www.ecologiaysalud.org\/?page_id=1885","title":{"rendered":"Acceso de miembro"},"content":{"rendered":"<div class=\"swpm-login-widget-form\">\n    <form id=\"swpm-login-form\" name=\"swpm-login-form\" method=\"post\" action=\"\">\n        <div class=\"swpm-login-form-inner\">\n            <div class=\"swpm-username-label\">\n                <label for=\"swpm_user_name\" class=\"swpm-label\">Nombre de usuario o correo electr\u00f3nico<\/label>\n            <\/div>\n            <div class=\"swpm-username-input\">\n                <input type=\"text\" class=\"swpm-text-field swpm-username-field\" id=\"swpm_user_name\" value=\"\" size=\"25\" name=\"swpm_user_name\" \/>\n            <\/div>\n            <div class=\"swpm-password-label\">\n                <label for=\"swpm_password\" class=\"swpm-label\">Contrase\u00f1a<\/label>\n            <\/div>\n            <div class=\"swpm-password-input\">                \n                <input type=\"password\" class=\"swpm-text-field swpm-password-field\" id=\"swpm_password\" value=\"\" size=\"25\" name=\"swpm_password\" \/>                \n            <\/div>\n                        <div class=\"swpm-remember-me\">\n                <span class=\"swpm-remember-checkbox\"><input type=\"checkbox\" name=\"rememberme\" id=\"swpm-rememberme\"><\/span>\n                <label for=\"swpm-rememberme\" class=\"swpm-rememberme-label\">\n                    <span class=\"swpm-rember-label\"> Recu\u00e9rdame<\/span>\n                <\/label>\n            <\/div>\n\n            <div class=\"swpm-before-login-submit-section\"><\/div>\n\n            <div class=\"swpm-login-submit\">\n                <input type=\"submit\" class=\"swpm-login-form-submit swpm-submit-btn-default-style\" name=\"swpm-login\" value=\"Acceder\"\/>\n            <\/div>\n            <div class=\"swpm-forgot-pass-link\">\n                <a id=\"forgot_pass\" class=\"swpm-login-form-pw-reset-link\"  href=\"https:\/\/www.ecologiaysalud.org\/?page_id=1887\">\u00bfHas olvidado tu contrase\u00f1a?<\/a>\n            <\/div>\n            <div class=\"swpm-join-us-link\">\n                <a id=\"register\" class=\"swpm-login-form-register-link\" href=\"https:\/\/www.ecologiaysalud.org\/?page_id=1883\">\u00danete a nosotros<\/a>\n            <\/div>\n            <div class=\"swpm-login-action-msg\">\n                <span class=\"swpm-login-widget-action-msg\"><\/span>\n            <\/div>\n        <\/div>\n    <\/form>\n<\/div>\n\n","protected":false},"excerpt":{"rendered":"","protected":false},"author":1,"featured_media":0,"parent":0,"menu_order":0,"comment_status":"closed","ping_status":"closed","template":"","meta":{"_mi_skip_tracking":false,"footnotes":""},"class_list":["post-1885","page","type-page","status-publish","hentry"],"yoast_head":"<!-- This site is optimized with the Yoast SEO plugin v20.3 - https:\/\/yoast.com\/wordpress\/plugins\/seo\/ -->\n<title>Acceso de miembro - Asociaci\u00f3n Ecolog\u00eda y Salud<\/title>\n<meta name=\"robots\" content=\"index, follow, max-snippet:-1, max-image-preview:large, max-video-preview:-1\" \/>\n<link rel=\"canonical\" href=\"https:\/\/www.ecologiaysalud.org\/?page_id=1885\" \/>\n<meta property=\"og:locale\" content=\"es_ES\" \/>\n<meta property=\"og:type\" content=\"article\" \/>\n<meta property=\"og:title\" content=\"Acceso de miembro - Asociaci\u00f3n Ecolog\u00eda y Salud\" \/>\n<meta property=\"og:url\" content=\"https:\/\/www.ecologiaysalud.org\/?page_id=1885\" \/>\n<meta property=\"og:site_name\" content=\"Asociaci\u00f3n Ecolog\u00eda y Salud\" \/>\n<meta name=\"twitter:card\" content=\"summary_large_image\" \/>\n<script type=\"application\/ld+json\" class=\"yoast-schema-graph\">{\"@context\":\"https:\/\/schema.org\",\"@graph\":[{\"@type\":\"WebPage\",\"@id\":\"https:\/\/www.ecologiaysalud.org\/?page_id=1885\",\"url\":\"https:\/\/www.ecologiaysalud.org\/?page_id=1885\",\"name\":\"Acceso de miembro - Asociaci\u00f3n Ecolog\u00eda y Salud\",\"isPartOf\":{\"@id\":\"https:\/\/www.ecologiaysalud.org\/#website\"},\"datePublished\":\"2024-08-30T20:48:37+00:00\",\"dateModified\":\"2024-08-30T20:48:37+00:00\",\"breadcrumb\":{\"@id\":\"https:\/\/www.ecologiaysalud.org\/?page_id=1885#breadcrumb\"},\"inLanguage\":\"es\",\"potentialAction\":[{\"@type\":\"ReadAction\",\"target\":[\"https:\/\/www.ecologiaysalud.org\/?page_id=1885\"]}]},{\"@type\":\"BreadcrumbList\",\"@id\":\"https:\/\/www.ecologiaysalud.org\/?page_id=1885#breadcrumb\",\"itemListElement\":[{\"@type\":\"ListItem\",\"position\":1,\"name\":\"Portada\",\"item\":\"https:\/\/www.ecologiaysalud.org\/\"},{\"@type\":\"ListItem\",\"position\":2,\"name\":\"Acceso de miembro\"}]},{\"@type\":\"WebSite\",\"@id\":\"https:\/\/www.ecologiaysalud.org\/#website\",\"url\":\"https:\/\/www.ecologiaysalud.org\/\",\"name\":\"Asociaci\u00f3n Ecolog\u00eda y Salud\",\"description\":\"Todo est\u00e1 interconectado. Enraizamos la salud humana con la del planeta.\",\"publisher\":{\"@id\":\"https:\/\/www.ecologiaysalud.org\/#organization\"},\"potentialAction\":[{\"@type\":\"SearchAction\",\"target\":{\"@type\":\"EntryPoint\",\"urlTemplate\":\"https:\/\/www.ecologiaysalud.org\/?s={search_term_string}\"},\"query-input\":\"required name=search_term_string\"}],\"inLanguage\":\"es\"},{\"@type\":\"Organization\",\"@id\":\"https:\/\/www.ecologiaysalud.org\/#organization\",\"name\":\"Asociaci\u00f3n Ecolog\u00eda y Salud\",\"url\":\"https:\/\/www.ecologiaysalud.org\/\",\"logo\":{\"@type\":\"ImageObject\",\"inLanguage\":\"es\",\"@id\":\"https:\/\/www.ecologiaysalud.org\/#\/schema\/logo\/image\/\",\"url\":\"https:\/\/www.ecologiaysalud.org\/wp-content\/uploads\/2023\/03\/cropped-logo_ecosalud.jpg\",\"contentUrl\":\"https:\/\/www.ecologiaysalud.org\/wp-content\/uploads\/2023\/03\/cropped-logo_ecosalud.jpg\",\"width\":495,\"height\":308,\"caption\":\"Asociaci\u00f3n Ecolog\u00eda y Salud\"},\"image\":{\"@id\":\"https:\/\/www.ecologiaysalud.org\/#\/schema\/logo\/image\/\"}}]}<\/script>\n<!-- \/ Yoast SEO plugin. -->","yoast_head_json":{"title":"Acceso de miembro - Asociaci\u00f3n Ecolog\u00eda y Salud","robots":{"index":"index","follow":"follow","max-snippet":"max-snippet:-1","max-image-preview":"max-image-preview:large","max-video-preview":"max-video-preview:-1"},"canonical":"https:\/\/www.ecologiaysalud.org\/?page_id=1885","og_locale":"es_ES","og_type":"article","og_title":"Acceso de miembro - Asociaci\u00f3n Ecolog\u00eda y Salud","og_url":"https:\/\/www.ecologiaysalud.org\/?page_id=1885","og_site_name":"Asociaci\u00f3n Ecolog\u00eda y Salud","twitter_card":"summary_large_image","schema":{"@context":"https:\/\/schema.org","@graph":[{"@type":"WebPage","@id":"https:\/\/www.ecologiaysalud.org\/?page_id=1885","url":"https:\/\/www.ecologiaysalud.org\/?page_id=1885","name":"Acceso de miembro - Asociaci\u00f3n Ecolog\u00eda y Salud","isPartOf":{"@id":"https:\/\/www.ecologiaysalud.org\/#website"},"datePublished":"2024-08-30T20:48:37+00:00","dateModified":"2024-08-30T20:48:37+00:00","breadcrumb":{"@id":"https:\/\/www.ecologiaysalud.org\/?page_id=1885#breadcrumb"},"inLanguage":"es","potentialAction":[{"@type":"ReadAction","target":["https:\/\/www.ecologiaysalud.org\/?page_id=1885"]}]},{"@type":"BreadcrumbList","@id":"https:\/\/www.ecologiaysalud.org\/?page_id=1885#breadcrumb","itemListElement":[{"@type":"ListItem","position":1,"name":"Portada","item":"https:\/\/www.ecologiaysalud.org\/"},{"@type":"ListItem","position":2,"name":"Acceso de miembro"}]},{"@type":"WebSite","@id":"https:\/\/www.ecologiaysalud.org\/#website","url":"https:\/\/www.ecologiaysalud.org\/","name":"Asociaci\u00f3n Ecolog\u00eda y Salud","description":"Todo est\u00e1 interconectado. Enraizamos la salud humana con la del planeta.","publisher":{"@id":"https:\/\/www.ecologiaysalud.org\/#organization"},"potentialAction":[{"@type":"SearchAction","target":{"@type":"EntryPoint","urlTemplate":"https:\/\/www.ecologiaysalud.org\/?s={search_term_string}"},"query-input":"required name=search_term_string"}],"inLanguage":"es"},{"@type":"Organization","@id":"https:\/\/www.ecologiaysalud.org\/#organization","name":"Asociaci\u00f3n Ecolog\u00eda y Salud","url":"https:\/\/www.ecologiaysalud.org\/","logo":{"@type":"ImageObject","inLanguage":"es","@id":"https:\/\/www.ecologiaysalud.org\/#\/schema\/logo\/image\/","url":"https:\/\/www.ecologiaysalud.org\/wp-content\/uploads\/2023\/03\/cropped-logo_ecosalud.jpg","contentUrl":"https:\/\/www.ecologiaysalud.org\/wp-content\/uploads\/2023\/03\/cropped-logo_ecosalud.jpg","width":495,"height":308,"caption":"Asociaci\u00f3n Ecolog\u00eda y Salud"},"image":{"@id":"https:\/\/www.ecologiaysalud.org\/#\/schema\/logo\/image\/"}}]}},"jetpack_sharing_enabled":true,"_links":{"self":[{"href":"https:\/\/www.ecologiaysalud.org\/index.php?rest_route=\/wp\/v2\/pages\/1885","targetHints":{"allow":["GET"]}}],"collection":[{"href":"https:\/\/www.ecologiaysalud.org\/index.php?rest_route=\/wp\/v2\/pages"}],"about":[{"href":"https:\/\/www.ecologiaysalud.org\/index.php?rest_route=\/wp\/v2\/types\/page"}],"author":[{"embeddable":true,"href":"https:\/\/www.ecologiaysalud.org\/index.php?rest_route=\/wp\/v2\/users\/1"}],"replies":[{"embeddable":true,"href":"https:\/\/www.ecologiaysalud.org\/index.php?rest_route=%2Fwp%2Fv2%2Fcomments&post=1885"}],"version-history":[{"count":0,"href":"https:\/\/www.ecologiaysalud.org\/index.php?rest_route=\/wp\/v2\/pages\/1885\/revisions"}],"wp:attachment":[{"href":"https:\/\/www.ecologiaysalud.org\/index.php?rest_route=%2Fwp%2Fv2%2Fmedia&parent=1885"}],"curies":[{"name":"wp","href":"https:\/\/api.w.org\/{rel}","templated":true}]}}