{"id":2,"date":"2021-01-18T19:58:42","date_gmt":"2021-01-18T19:58:42","guid":{"rendered":"http:\/\/www.ecologiaysalud.org\/?page_id=2"},"modified":"2021-11-14T11:51:41","modified_gmt":"2021-11-14T11:51:41","slug":"llamando-al-planeta","status":"publish","type":"page","link":"https:\/\/www.ecologiaysalud.org\/?page_id=2","title":{"rendered":"Llamando a la Tierra"},"content":{"rendered":"\n<p>Los avances tecnol\u00f3gicos e industriales en el Planeta Tierra han logrado una indiscutible mejora de algunos indicadores. Todo ello se traduce en incrementos progresivos del bienestar y la esperanza de vida. Estos beneficios han venido acompa\u00f1ados de unos \u2018efectos colaterales\u2019 como la p\u00e9rdida de biodiversidad, deterioro, contaminaci\u00f3n de los ecosistemas y crecimiento de enfermedades cr\u00f3nicas ambientalmente relacionadas. Iniciamos gran parte de los habitantes del mundo rico hace unos 70 a\u00f1os un proceso de desconexi\u00f3n de la Naturaleza, y nos hemos ido desconectando poco a poco del mundo que nos sustenta.<\/p>\n\n\n\n<blockquote class=\"wp-block-quote is-layout-flow wp-block-quote-is-layout-flow\"><p>Hemos construido una sociedad que sedimenta su sustento en una econom\u00eda muy extractiva del medioambiente. A corto plazo, no va a ser f\u00e1cil generar nuevos modelos m\u00e1s sostenibles y resilientes.<\/p><cite>Juan Ant Ortega Garc\u00eda <\/cite><\/blockquote>\n\n\n\n<p>Necesitamos establecer una relaci\u00f3n m\u00e1s h\u00edbrida y recombinante con la Naturaleza que nos permita atisbar nuevas posibilidades de emprendimiento y de negocio. Esta transformaci\u00f3n ecosist\u00e9mica de la pol\u00edtica regional requerir\u00e1 liderazgos valientes, el desarrollo de nuevos perfiles profesionales y nuevos modelos energ\u00e9ticos, comerciales y de emprendimiento social. Este proceso se acompa\u00f1ar\u00e1 de una mayor presencia del medioambiente en la gobernanza, y una redistribuci\u00f3n sustancial de los recursos y de amplios cambios sociales. Estos, ya est\u00e1n en marcha.<\/p>\n\n\n\n<blockquote class=\"wp-block-quote is-layout-flow wp-block-quote-is-layout-flow\"><p>Proteger la salud y proteger el medioambiente son conceptos indisolubles e inseparables.<\/p><cite>Juan Antonio Ortega Garc\u00eda y Josep Ferr\u00eds i Tortajada <\/cite><\/blockquote>\n\n\n\n<p>Es necesario emprender cambios a trav\u00e9s de un nuevo contrato social con la Naturaleza, que nos ense\u00f1e a no dejar rastro, basado en el respeto y reciprocidad.Esta visi\u00f3n requerir\u00e1 la audacia e ilustraci\u00f3n ecol\u00f3gica de una sociedad cada vez m\u00e1s activa y con deseos de participar para superar a poderosos intereses creados.<\/p>\n\n\n\n<figure class=\"wp-block-pullquote\"><blockquote><p>Ecolog\u00eda y Salud pretende poner el rumbo de una ilustraci\u00f3n ecol\u00f3gica hacia la nueva dimensi\u00f3n donde queremos viajar, y hasta como queremos hacerlo; adem\u00e1s, confiere ra\u00edces y pertenencia para aquellos a qui\u00e9n van dirigidas nuestras acciones, y es sobre todo, futuro y cambio, con todas las incertidumbres y hasta miedos, que eso conlleva.<\/p><cite>Juan Antonio Ortega Garc\u00eda<\/cite><\/blockquote><\/figure>\n\n\n\n<figure class=\"wp-block-pullquote\"><blockquote><p>Animarnos, ayudarnos, impulsarnos, \u2026 No hay nada como una Llamada a la Tierra para generar peque\u00f1os impulsos en la galaxia. No todo est\u00e1 dicho.<\/p><cite>Ecolog\u00eda y Salud<\/cite><\/blockquote><\/figure>\n\n\n\n<blockquote class=\"wp-block-quote is-layout-flow wp-block-quote-is-layout-flow\"><p><\/p><\/blockquote>\n","protected":false},"excerpt":{"rendered":"<p>Los avances tecnol\u00f3gicos e industriales en el Planeta Tierra han logrado una indiscutible mejora de algunos indicadores. Todo ello se traduce en incrementos progresivos del bienestar y la esperanza de<span class=\"more-button\"><a href=\"https:\/\/www.ecologiaysalud.org\/?page_id=2\" class=\"more-link\">Seguir leyendo<span class=\"screen-reader-text\">Llamando a la Tierra<\/span><\/a><\/span><\/p>\n","protected":false},"author":1,"featured_media":0,"parent":0,"menu_order":0,"comment_status":"closed","ping_status":"open","template":"","meta":{"_mi_skip_tracking":false,"footnotes":""},"class_list":["post-2","page","type-page","status-publish","hentry"],"yoast_head":"<!-- This site is optimized with the Yoast SEO plugin v20.3 - https:\/\/yoast.com\/wordpress\/plugins\/seo\/ -->\n<title>Llamando a la Tierra - Asociaci\u00f3n Ecolog\u00eda y Salud<\/title>\n<meta name=\"description\" content=\"Es urgente enraizar la salud de las personas con la del Planeta\" \/>\n<meta name=\"robots\" content=\"index, follow, max-snippet:-1, max-image-preview:large, max-video-preview:-1\" \/>\n<link rel=\"canonical\" href=\"https:\/\/www.ecologiaysalud.org\/?page_id=2\" \/>\n<meta property=\"og:locale\" content=\"es_ES\" \/>\n<meta property=\"og:type\" content=\"article\" \/>\n<meta property=\"og:title\" content=\"Llamando a la Tierra - Asociaci\u00f3n Ecolog\u00eda y Salud\" \/>\n<meta property=\"og:description\" content=\"Es urgente enraizar la salud de las personas con la del Planeta\" \/>\n<meta property=\"og:url\" content=\"https:\/\/www.ecologiaysalud.org\/?page_id=2\" \/>\n<meta property=\"og:site_name\" content=\"Asociaci\u00f3n Ecolog\u00eda y Salud\" \/>\n<meta property=\"article:modified_time\" content=\"2021-11-14T11:51:41+00:00\" \/>\n<meta name=\"twitter:card\" content=\"summary_large_image\" \/>\n<meta name=\"twitter:label1\" content=\"Tiempo de lectura\" \/>\n\t<meta name=\"twitter:data1\" content=\"2 minutos\" \/>\n<script type=\"application\/ld+json\" class=\"yoast-schema-graph\">{\"@context\":\"https:\/\/schema.org\",\"@graph\":[{\"@type\":\"WebPage\",\"@id\":\"https:\/\/www.ecologiaysalud.org\/?page_id=2\",\"url\":\"https:\/\/www.ecologiaysalud.org\/?page_id=2\",\"name\":\"Llamando a la Tierra - Asociaci\u00f3n Ecolog\u00eda y Salud\",\"isPartOf\":{\"@id\":\"https:\/\/www.ecologiaysalud.org\/#website\"},\"datePublished\":\"2021-01-18T19:58:42+00:00\",\"dateModified\":\"2021-11-14T11:51:41+00:00\",\"description\":\"Es urgente enraizar la salud de las personas con la del Planeta\",\"breadcrumb\":{\"@id\":\"https:\/\/www.ecologiaysalud.org\/?page_id=2#breadcrumb\"},\"inLanguage\":\"es\",\"potentialAction\":[{\"@type\":\"ReadAction\",\"target\":[\"https:\/\/www.ecologiaysalud.org\/?page_id=2\"]}]},{\"@type\":\"BreadcrumbList\",\"@id\":\"https:\/\/www.ecologiaysalud.org\/?page_id=2#breadcrumb\",\"itemListElement\":[{\"@type\":\"ListItem\",\"position\":1,\"name\":\"Portada\",\"item\":\"https:\/\/www.ecologiaysalud.org\/\"},{\"@type\":\"ListItem\",\"position\":2,\"name\":\"Llamando a la Tierra\"}]},{\"@type\":\"WebSite\",\"@id\":\"https:\/\/www.ecologiaysalud.org\/#website\",\"url\":\"https:\/\/www.ecologiaysalud.org\/\",\"name\":\"Asociaci\u00f3n Ecolog\u00eda y Salud\",\"description\":\"Todo est\u00e1 interconectado. Enraizamos la salud humana con la del planeta.\",\"publisher\":{\"@id\":\"https:\/\/www.ecologiaysalud.org\/#organization\"},\"potentialAction\":[{\"@type\":\"SearchAction\",\"target\":{\"@type\":\"EntryPoint\",\"urlTemplate\":\"https:\/\/www.ecologiaysalud.org\/?s={search_term_string}\"},\"query-input\":\"required name=search_term_string\"}],\"inLanguage\":\"es\"},{\"@type\":\"Organization\",\"@id\":\"https:\/\/www.ecologiaysalud.org\/#organization\",\"name\":\"Asociaci\u00f3n Ecolog\u00eda y Salud\",\"url\":\"https:\/\/www.ecologiaysalud.org\/\",\"logo\":{\"@type\":\"ImageObject\",\"inLanguage\":\"es\",\"@id\":\"https:\/\/www.ecologiaysalud.org\/#\/schema\/logo\/image\/\",\"url\":\"https:\/\/www.ecologiaysalud.org\/wp-content\/uploads\/2023\/03\/cropped-logo_ecosalud.jpg\",\"contentUrl\":\"https:\/\/www.ecologiaysalud.org\/wp-content\/uploads\/2023\/03\/cropped-logo_ecosalud.jpg\",\"width\":495,\"height\":308,\"caption\":\"Asociaci\u00f3n Ecolog\u00eda y Salud\"},\"image\":{\"@id\":\"https:\/\/www.ecologiaysalud.org\/#\/schema\/logo\/image\/\"}}]}<\/script>\n<!-- \/ Yoast SEO plugin. -->","yoast_head_json":{"title":"Llamando a la Tierra - Asociaci\u00f3n Ecolog\u00eda y Salud","description":"Es urgente enraizar la salud de las personas con la del Planeta","robots":{"index":"index","follow":"follow","max-snippet":"max-snippet:-1","max-image-preview":"max-image-preview:large","max-video-preview":"max-video-preview:-1"},"canonical":"https:\/\/www.ecologiaysalud.org\/?page_id=2","og_locale":"es_ES","og_type":"article","og_title":"Llamando a la Tierra - Asociaci\u00f3n Ecolog\u00eda y Salud","og_description":"Es urgente enraizar la salud de las personas con la del Planeta","og_url":"https:\/\/www.ecologiaysalud.org\/?page_id=2","og_site_name":"Asociaci\u00f3n Ecolog\u00eda y Salud","article_modified_time":"2021-11-14T11:51:41+00:00","twitter_card":"summary_large_image","twitter_misc":{"Tiempo de lectura":"2 minutos"},"schema":{"@context":"https:\/\/schema.org","@graph":[{"@type":"WebPage","@id":"https:\/\/www.ecologiaysalud.org\/?page_id=2","url":"https:\/\/www.ecologiaysalud.org\/?page_id=2","name":"Llamando a la Tierra - Asociaci\u00f3n Ecolog\u00eda y Salud","isPartOf":{"@id":"https:\/\/www.ecologiaysalud.org\/#website"},"datePublished":"2021-01-18T19:58:42+00:00","dateModified":"2021-11-14T11:51:41+00:00","description":"Es urgente enraizar la salud de las personas con la del Planeta","breadcrumb":{"@id":"https:\/\/www.ecologiaysalud.org\/?page_id=2#breadcrumb"},"inLanguage":"es","potentialAction":[{"@type":"ReadAction","target":["https:\/\/www.ecologiaysalud.org\/?page_id=2"]}]},{"@type":"BreadcrumbList","@id":"https:\/\/www.ecologiaysalud.org\/?page_id=2#breadcrumb","itemListElement":[{"@type":"ListItem","position":1,"name":"Portada","item":"https:\/\/www.ecologiaysalud.org\/"},{"@type":"ListItem","position":2,"name":"Llamando a la Tierra"}]},{"@type":"WebSite","@id":"https:\/\/www.ecologiaysalud.org\/#website","url":"https:\/\/www.ecologiaysalud.org\/","name":"Asociaci\u00f3n Ecolog\u00eda y Salud","description":"Todo est\u00e1 interconectado. Enraizamos la salud humana con la del planeta.","publisher":{"@id":"https:\/\/www.ecologiaysalud.org\/#organization"},"potentialAction":[{"@type":"SearchAction","target":{"@type":"EntryPoint","urlTemplate":"https:\/\/www.ecologiaysalud.org\/?s={search_term_string}"},"query-input":"required name=search_term_string"}],"inLanguage":"es"},{"@type":"Organization","@id":"https:\/\/www.ecologiaysalud.org\/#organization","name":"Asociaci\u00f3n Ecolog\u00eda y Salud","url":"https:\/\/www.ecologiaysalud.org\/","logo":{"@type":"ImageObject","inLanguage":"es","@id":"https:\/\/www.ecologiaysalud.org\/#\/schema\/logo\/image\/","url":"https:\/\/www.ecologiaysalud.org\/wp-content\/uploads\/2023\/03\/cropped-logo_ecosalud.jpg","contentUrl":"https:\/\/www.ecologiaysalud.org\/wp-content\/uploads\/2023\/03\/cropped-logo_ecosalud.jpg","width":495,"height":308,"caption":"Asociaci\u00f3n Ecolog\u00eda y Salud"},"image":{"@id":"https:\/\/www.ecologiaysalud.org\/#\/schema\/logo\/image\/"}}]}},"jetpack_sharing_enabled":true,"_links":{"self":[{"href":"https:\/\/www.ecologiaysalud.org\/index.php?rest_route=\/wp\/v2\/pages\/2","targetHints":{"allow":["GET"]}}],"collection":[{"href":"https:\/\/www.ecologiaysalud.org\/index.php?rest_route=\/wp\/v2\/pages"}],"about":[{"href":"https:\/\/www.ecologiaysalud.org\/index.php?rest_route=\/wp\/v2\/types\/page"}],"author":[{"embeddable":true,"href":"https:\/\/www.ecologiaysalud.org\/index.php?rest_route=\/wp\/v2\/users\/1"}],"replies":[{"embeddable":true,"href":"https:\/\/www.ecologiaysalud.org\/index.php?rest_route=%2Fwp%2Fv2%2Fcomments&post=2"}],"version-history":[{"count":6,"href":"https:\/\/www.ecologiaysalud.org\/index.php?rest_route=\/wp\/v2\/pages\/2\/revisions"}],"predecessor-version":[{"id":50,"href":"https:\/\/www.ecologiaysalud.org\/index.php?rest_route=\/wp\/v2\/pages\/2\/revisions\/50"}],"wp:attachment":[{"href":"https:\/\/www.ecologiaysalud.org\/index.php?rest_route=%2Fwp%2Fv2%2Fmedia&parent=2"}],"curies":[{"name":"wp","href":"https:\/\/api.w.org\/{rel}","templated":true}]}}