{"id":29,"date":"2021-01-18T22:15:24","date_gmt":"2021-01-18T22:15:24","guid":{"rendered":"http:\/\/www.ecologiaysalud.org\/?page_id=29"},"modified":"2023-03-25T19:29:57","modified_gmt":"2023-03-25T19:29:57","slug":"quienes-somos-y-voluntariado","status":"publish","type":"page","link":"https:\/\/www.ecologiaysalud.org\/?page_id=29","title":{"rendered":"Quienes somos y Voluntariado"},"content":{"rendered":"\n<p>Somos una Organizaci\u00f3n Sin \u00c1nimo de Lucro constituida el 4 de enero de 2021, por un grupo de amigos y amigas procedentes de distintos \u00e1mbitos profesionales que queremos contribuir a generar una cultura de cambio hacia una ecolog\u00eda de la salud ayudando a crear ambientes y estilos de vida m\u00e1s saludables. <\/p>\n\n\n\n<figure class=\"wp-block-pullquote\"><blockquote><p>Somos Naturaleza. Reconectar a la especie humana consigo misma y con el resto de las especies y ecosistemas emerge como un gran desaf\u00edo del siglo XXI para mejorar la salud humana y del planeta<\/p><cite>ECOLOGIA Y SALUD, Enero 2021<\/cite><\/blockquote><\/figure>\n\n\n\n<p>Somos naturaleza, pero mantener el dualismo Humanidad-Naturaleza se sustenta en una especial responsabilidad como especie que tenemos frente al resto: nuestra esencia racional y percepci\u00f3n de autoconciencia. Todos los ecosistemas y h\u00e1bitats est\u00e1n integrados e interconectados. La Salud ya no es un asunto local, regional, estatal ni continental sino global y planetario. La autoconciencia es clave para legislar y emprender las pol\u00edticas a todos los niveles que contribuyan a reconectar a la especie humana con el resto del planeta.<\/p>\n\n\n\n<p><strong>Junta vigente (desde 2023):<\/strong> <\/p>\n\n\n\n<p>Noelia Soriano, Presidenta Diplomada en Educaci\u00f3n Musical, toca el clarinete. Le van los ritmos y pasear por el monte. (arriba a la izquierda)<\/p>\n\n\n\n<p>Fernando L\u00f3pez Hern\u00e1ndez, Secretario, matem\u00e1tico, y le gustan los ecohuertos <\/p>\n\n\n\n<div class=\"wp-block-jetpack-tiled-gallery aligncenter is-style-square\"><div class=\"tiled-gallery__gallery\"><div class=\"tiled-gallery__row columns-3\"><div class=\"tiled-gallery__col\"><figure class=\"tiled-gallery__item\"><img decoding=\"async\" srcset=\"https:\/\/i2.wp.com\/www.ecologiaysalud.org\/wp-content\/uploads\/2021\/03\/Unknown-5-1.jpeg?resize=448%2C448&#038;strip=info&#038;ssl=1 448w\" alt=\"\" data-height=\"448\" data-id=\"229\" data-link=\"https:\/\/www.ecologiaysalud.org\/?attachment_id=229\" data-url=\"https:\/\/www.ecologiaysalud.org\/wp-content\/uploads\/2021\/03\/Unknown-5-1.jpeg\" data-width=\"720\" src=\"https:\/\/i2.wp.com\/www.ecologiaysalud.org\/wp-content\/uploads\/2021\/03\/Unknown-5-1.jpeg?ssl=1&amp;resize=448%2C448\" data-amp-layout=\"responsive\"\/><\/figure><\/div><div class=\"tiled-gallery__col\"><figure class=\"tiled-gallery__item\"><img decoding=\"async\" srcset=\"https:\/\/i0.wp.com\/www.ecologiaysalud.org\/wp-content\/uploads\/2023\/03\/IMG_5757-1024x768.jpeg?resize=600%2C600&#038;strip=info&#038;ssl=1 600w,https:\/\/i0.wp.com\/www.ecologiaysalud.org\/wp-content\/uploads\/2023\/03\/IMG_5757-1024x768.jpeg?resize=900%2C900&#038;strip=info&#038;ssl=1 900w,https:\/\/i0.wp.com\/www.ecologiaysalud.org\/wp-content\/uploads\/2023\/03\/IMG_5757-1024x768.jpeg?resize=1200%2C1200&#038;strip=info&#038;ssl=1 1200w,https:\/\/i0.wp.com\/www.ecologiaysalud.org\/wp-content\/uploads\/2023\/03\/IMG_5757-1024x768.jpeg?resize=1500%2C1500&#038;strip=info&#038;ssl=1 1500w,https:\/\/i0.wp.com\/www.ecologiaysalud.org\/wp-content\/uploads\/2023\/03\/IMG_5757-1024x768.jpeg?resize=1800%2C1800&#038;strip=info&#038;ssl=1 1800w,https:\/\/i0.wp.com\/www.ecologiaysalud.org\/wp-content\/uploads\/2023\/03\/IMG_5757-1024x768.jpeg?resize=1920%2C1920&#038;strip=info&#038;ssl=1 1920w\" alt=\"\" data-height=\"1920\" data-id=\"1086\" data-link=\"https:\/\/www.ecologiaysalud.org\/?attachment_id=1086\" data-url=\"https:\/\/www.ecologiaysalud.org\/wp-content\/uploads\/2023\/03\/IMG_5757-1024x768.jpeg\" data-width=\"2560\" src=\"https:\/\/i0.wp.com\/www.ecologiaysalud.org\/wp-content\/uploads\/2023\/03\/IMG_5757-1024x768.jpeg?ssl=1&amp;resize=1920%2C1920\" data-amp-layout=\"responsive\"\/><\/figure><\/div><div class=\"tiled-gallery__col\"><figure class=\"tiled-gallery__item\"><img decoding=\"async\" srcset=\"https:\/\/i0.wp.com\/www.ecologiaysalud.org\/wp-content\/uploads\/2021\/03\/Unknown-2.jpg?resize=600%2C600&#038;strip=info&#038;ssl=1 600w,https:\/\/i0.wp.com\/www.ecologiaysalud.org\/wp-content\/uploads\/2021\/03\/Unknown-2.jpg?resize=900%2C900&#038;strip=info&#038;ssl=1 900w,https:\/\/i0.wp.com\/www.ecologiaysalud.org\/wp-content\/uploads\/2021\/03\/Unknown-2.jpg?resize=1200%2C1200&#038;strip=info&#038;ssl=1 1200w\" alt=\"\" data-height=\"1200\" data-id=\"245\" data-link=\"https:\/\/www.ecologiaysalud.org\/?attachment_id=245\" data-url=\"https:\/\/www.ecologiaysalud.org\/wp-content\/uploads\/2021\/03\/Unknown-2.jpg\" data-width=\"1600\" src=\"https:\/\/i0.wp.com\/www.ecologiaysalud.org\/wp-content\/uploads\/2021\/03\/Unknown-2.jpg?ssl=1&amp;resize=1200%2C1200\" data-amp-layout=\"responsive\"\/><\/figure><\/div><\/div><\/div><\/div>\n\n\n\n<h4 class=\"wp-block-heading\">LLAMADA al VOLUNTARIADO: si est\u00e1s alineado\/a con nuestros fines. Ay\u00fadanos. <a href=\"https:\/\/proyectosaludmovil.typeform.com\/to\/m1NIaMmu\" target=\"_blank\" rel=\"noreferrer noopener\">Rellena el formulario de voluntariado<\/a><\/h4>\n\n\n\n<h3 class=\"wp-block-heading\">Nuestros fines: <\/h3>\n\n\n\n<ol class=\"wp-block-list\" type=\"1\">\n<li>Concienciar e investigar sobre los riesgos medioambientales y enfermedades relacionadas, con especial atenci\u00f3n a la relaci\u00f3n entre biodiversidad, ecolog\u00eda y salud de la infancia y adolescencia.&nbsp;Enfatizando en la b\u00fasqueda de soluciones creativas y de innovaci\u00f3n social.<\/li>\n\n\n\n<li>Sensibilizar sobre el v\u00ednculo y el apego con la naturaleza, mostrando los efectos del contacto con la naturaleza en todas sus formas en el control y prevenci\u00f3n de la exposici\u00f3n a drogas y de las enfermedades cr\u00f3nicas.<\/li>\n\n\n\n<li>Incrementar el contacto con la naturaleza y estudiar los efectos en el desarrollo \u00f3ptimo de los individuos (durante la etapa fetal-infanto-juvenil).<\/li>\n\n\n\n<li>Generar una cultura a trav\u00e9s de la investigaci\u00f3n y divulgaci\u00f3n sobre la relaci\u00f3n entre salud humana, calidad de vida y medioambiente marino (Mar Menor).<\/li>\n\n\n\n<li>Investigar y divulgar sobre salud medioambiental escolar&nbsp;<\/li>\n\n\n\n<li>Sensibilizar sobre&nbsp;la contaminaci\u00f3n en las pr\u00e1cticas sanitarias y sus alternativas&nbsp;<\/li>\n\n\n\n<li>Estimular y promover el autocuidado y contacto la naturaleza como herramientas preventivas y terap\u00e9uticas para la creaci\u00f3n de estilos de vida y ambientes m\u00e1s saludables para la prevenci\u00f3n de las enfermedades cr\u00f3nicas) <\/li>\n<\/ol>\n\n\n\n<div class=\"wp-block-group\"><div class=\"wp-block-group__inner-container is-layout-flow wp-block-group-is-layout-flow\">\n<p><strong>Informaci\u00f3n: info@ecologiaysalud.org<\/strong><\/p>\n<p><\/p>\n<p>Asociaci\u00f3n Ecolog\u00eda y Salud. N.I.F: G-42730275 &nbsp;<\/p>\n<p>Registro Nacional de Asociaciones. Espa\u00f1a N\u00famero Nacional: 622038<\/p>\n\n\n\n<figure class=\"wp-block-embed aligncenter is-type-rich is-provider-twitter wp-block-embed-twitter\"><div class=\"wp-block-embed__wrapper\">\n<a class=\"twitter-timeline\" data-width=\"1040\" data-height=\"1000\" data-dnt=\"true\" href=\"https:\/\/twitter.com\/SaludableEco?ref_src=twsrc%5Etfw\">Tweets by SaludableEco<\/a><script async src=\"https:\/\/platform.twitter.com\/widgets.js\" charset=\"utf-8\"><\/script>\n<\/div><\/figure>\n<\/div><\/div>\n\n\n\n<hr class=\"wp-block-separator has-css-opacity\"\/>\n\n\n\n<p><\/p>\n","protected":false},"excerpt":{"rendered":"<p>Somos una Organizaci\u00f3n Sin \u00c1nimo de Lucro constituida el 4 de enero de 2021, por un grupo de amigos y amigas procedentes de distintos \u00e1mbitos profesionales que queremos contribuir a<span class=\"more-button\"><a href=\"https:\/\/www.ecologiaysalud.org\/?page_id=29\" class=\"more-link\">Seguir leyendo<span class=\"screen-reader-text\">Quienes somos y Voluntariado<\/span><\/a><\/span><\/p>\n","protected":false},"author":1,"featured_media":963,"parent":0,"menu_order":0,"comment_status":"closed","ping_status":"closed","template":"","meta":{"_mi_skip_tracking":false,"footnotes":""},"class_list":["post-29","page","type-page","status-publish","has-post-thumbnail","hentry"],"yoast_head":"<!-- This site is optimized with the Yoast SEO plugin v20.3 - https:\/\/yoast.com\/wordpress\/plugins\/seo\/ -->\n<title>Quienes somos y Voluntariado - Asociaci\u00f3n Ecolog\u00eda y Salud<\/title>\n<meta name=\"description\" content=\"Somos una ONG que trabajos para enraizar la salud de las personas con la del Planeta. Participa en las actividades de voluntariado.\" \/>\n<meta name=\"robots\" content=\"index, follow, max-snippet:-1, max-image-preview:large, max-video-preview:-1\" \/>\n<link rel=\"canonical\" href=\"https:\/\/www.ecologiaysalud.org\/?page_id=29\" \/>\n<meta property=\"og:locale\" content=\"es_ES\" \/>\n<meta property=\"og:type\" content=\"article\" \/>\n<meta property=\"og:title\" content=\"Asociaci\u00f3n Ecolog\u00eda y Salud. Quienes Somos y Voluntariado\" \/>\n<meta property=\"og:description\" content=\"Descubre nuestros fines y posibilidades de voluntariado. Somos una ONG que trabajos para enraizar la salud de las personas con la del Planeta.\" \/>\n<meta property=\"og:url\" content=\"https:\/\/www.ecologiaysalud.org\/?page_id=29\" \/>\n<meta property=\"og:site_name\" content=\"Asociaci\u00f3n Ecolog\u00eda y Salud\" \/>\n<meta property=\"article:modified_time\" content=\"2023-03-25T19:29:57+00:00\" \/>\n<meta property=\"og:image\" content=\"https:\/\/www.ecologiaysalud.org\/wp-content\/uploads\/2021\/11\/Captura-de-pantalla-2021-11-14-a-las-15.44.12-1024x855.png\" \/>\n\t<meta property=\"og:image:width\" content=\"1024\" \/>\n\t<meta property=\"og:image:height\" content=\"855\" \/>\n\t<meta property=\"og:image:type\" content=\"image\/png\" \/>\n<meta name=\"twitter:card\" content=\"summary_large_image\" \/>\n<meta name=\"twitter:title\" content=\"Asociaci\u00f3n Ecolog\u00eda y Salud. Quienes Somos y Voluntariado\" \/>\n<meta name=\"twitter:description\" content=\"Descubre nuestros fines y posibilidades de voluntariado. Somos una ONG que trabajos para enraizar la salud de las personas con la del Planeta.\" \/>\n<meta name=\"twitter:image\" content=\"https:\/\/www.ecologiaysalud.org\/wp-content\/uploads\/2021\/11\/Captura-de-pantalla-2021-11-14-a-las-15.44.12.png\" \/>\n<meta name=\"twitter:label1\" content=\"Tiempo de lectura\" \/>\n\t<meta name=\"twitter:data1\" content=\"3 minutos\" \/>\n<script type=\"application\/ld+json\" class=\"yoast-schema-graph\">{\"@context\":\"https:\/\/schema.org\",\"@graph\":[{\"@type\":\"WebPage\",\"@id\":\"https:\/\/www.ecologiaysalud.org\/?page_id=29\",\"url\":\"https:\/\/www.ecologiaysalud.org\/?page_id=29\",\"name\":\"Quienes somos y Voluntariado - Asociaci\u00f3n Ecolog\u00eda y Salud\",\"isPartOf\":{\"@id\":\"https:\/\/www.ecologiaysalud.org\/#website\"},\"datePublished\":\"2021-01-18T22:15:24+00:00\",\"dateModified\":\"2023-03-25T19:29:57+00:00\",\"description\":\"Somos una ONG que trabajos para enraizar la salud de las personas con la del Planeta. Participa en las actividades de voluntariado.\",\"breadcrumb\":{\"@id\":\"https:\/\/www.ecologiaysalud.org\/?page_id=29#breadcrumb\"},\"inLanguage\":\"es\",\"potentialAction\":[{\"@type\":\"ReadAction\",\"target\":[\"https:\/\/www.ecologiaysalud.org\/?page_id=29\"]}]},{\"@type\":\"BreadcrumbList\",\"@id\":\"https:\/\/www.ecologiaysalud.org\/?page_id=29#breadcrumb\",\"itemListElement\":[{\"@type\":\"ListItem\",\"position\":1,\"name\":\"Portada\",\"item\":\"https:\/\/www.ecologiaysalud.org\/\"},{\"@type\":\"ListItem\",\"position\":2,\"name\":\"Quienes somos y Voluntariado\"}]},{\"@type\":\"WebSite\",\"@id\":\"https:\/\/www.ecologiaysalud.org\/#website\",\"url\":\"https:\/\/www.ecologiaysalud.org\/\",\"name\":\"Asociaci\u00f3n Ecolog\u00eda y Salud\",\"description\":\"Todo est\u00e1 interconectado. Enraizamos la salud humana con la del planeta.\",\"publisher\":{\"@id\":\"https:\/\/www.ecologiaysalud.org\/#organization\"},\"potentialAction\":[{\"@type\":\"SearchAction\",\"target\":{\"@type\":\"EntryPoint\",\"urlTemplate\":\"https:\/\/www.ecologiaysalud.org\/?s={search_term_string}\"},\"query-input\":\"required name=search_term_string\"}],\"inLanguage\":\"es\"},{\"@type\":\"Organization\",\"@id\":\"https:\/\/www.ecologiaysalud.org\/#organization\",\"name\":\"Asociaci\u00f3n Ecolog\u00eda y Salud\",\"url\":\"https:\/\/www.ecologiaysalud.org\/\",\"logo\":{\"@type\":\"ImageObject\",\"inLanguage\":\"es\",\"@id\":\"https:\/\/www.ecologiaysalud.org\/#\/schema\/logo\/image\/\",\"url\":\"https:\/\/www.ecologiaysalud.org\/wp-content\/uploads\/2023\/03\/cropped-logo_ecosalud.jpg\",\"contentUrl\":\"https:\/\/www.ecologiaysalud.org\/wp-content\/uploads\/2023\/03\/cropped-logo_ecosalud.jpg\",\"width\":495,\"height\":308,\"caption\":\"Asociaci\u00f3n Ecolog\u00eda y Salud\"},\"image\":{\"@id\":\"https:\/\/www.ecologiaysalud.org\/#\/schema\/logo\/image\/\"}}]}<\/script>\n<!-- \/ Yoast SEO plugin. -->","yoast_head_json":{"title":"Quienes somos y Voluntariado - Asociaci\u00f3n Ecolog\u00eda y Salud","description":"Somos una ONG que trabajos para enraizar la salud de las personas con la del Planeta. Participa en las actividades de voluntariado.","robots":{"index":"index","follow":"follow","max-snippet":"max-snippet:-1","max-image-preview":"max-image-preview:large","max-video-preview":"max-video-preview:-1"},"canonical":"https:\/\/www.ecologiaysalud.org\/?page_id=29","og_locale":"es_ES","og_type":"article","og_title":"Asociaci\u00f3n Ecolog\u00eda y Salud. Quienes Somos y Voluntariado","og_description":"Descubre nuestros fines y posibilidades de voluntariado. Somos una ONG que trabajos para enraizar la salud de las personas con la del Planeta.","og_url":"https:\/\/www.ecologiaysalud.org\/?page_id=29","og_site_name":"Asociaci\u00f3n Ecolog\u00eda y Salud","article_modified_time":"2023-03-25T19:29:57+00:00","og_image":[{"width":1024,"height":855,"url":"https:\/\/www.ecologiaysalud.org\/wp-content\/uploads\/2021\/11\/Captura-de-pantalla-2021-11-14-a-las-15.44.12-1024x855.png","type":"image\/png"}],"twitter_card":"summary_large_image","twitter_title":"Asociaci\u00f3n Ecolog\u00eda y Salud. Quienes Somos y Voluntariado","twitter_description":"Descubre nuestros fines y posibilidades de voluntariado. Somos una ONG que trabajos para enraizar la salud de las personas con la del Planeta.","twitter_image":"https:\/\/www.ecologiaysalud.org\/wp-content\/uploads\/2021\/11\/Captura-de-pantalla-2021-11-14-a-las-15.44.12.png","twitter_misc":{"Tiempo de lectura":"3 minutos"},"schema":{"@context":"https:\/\/schema.org","@graph":[{"@type":"WebPage","@id":"https:\/\/www.ecologiaysalud.org\/?page_id=29","url":"https:\/\/www.ecologiaysalud.org\/?page_id=29","name":"Quienes somos y Voluntariado - Asociaci\u00f3n Ecolog\u00eda y Salud","isPartOf":{"@id":"https:\/\/www.ecologiaysalud.org\/#website"},"datePublished":"2021-01-18T22:15:24+00:00","dateModified":"2023-03-25T19:29:57+00:00","description":"Somos una ONG que trabajos para enraizar la salud de las personas con la del Planeta. Participa en las actividades de voluntariado.","breadcrumb":{"@id":"https:\/\/www.ecologiaysalud.org\/?page_id=29#breadcrumb"},"inLanguage":"es","potentialAction":[{"@type":"ReadAction","target":["https:\/\/www.ecologiaysalud.org\/?page_id=29"]}]},{"@type":"BreadcrumbList","@id":"https:\/\/www.ecologiaysalud.org\/?page_id=29#breadcrumb","itemListElement":[{"@type":"ListItem","position":1,"name":"Portada","item":"https:\/\/www.ecologiaysalud.org\/"},{"@type":"ListItem","position":2,"name":"Quienes somos y Voluntariado"}]},{"@type":"WebSite","@id":"https:\/\/www.ecologiaysalud.org\/#website","url":"https:\/\/www.ecologiaysalud.org\/","name":"Asociaci\u00f3n Ecolog\u00eda y Salud","description":"Todo est\u00e1 interconectado. Enraizamos la salud humana con la del planeta.","publisher":{"@id":"https:\/\/www.ecologiaysalud.org\/#organization"},"potentialAction":[{"@type":"SearchAction","target":{"@type":"EntryPoint","urlTemplate":"https:\/\/www.ecologiaysalud.org\/?s={search_term_string}"},"query-input":"required name=search_term_string"}],"inLanguage":"es"},{"@type":"Organization","@id":"https:\/\/www.ecologiaysalud.org\/#organization","name":"Asociaci\u00f3n Ecolog\u00eda y Salud","url":"https:\/\/www.ecologiaysalud.org\/","logo":{"@type":"ImageObject","inLanguage":"es","@id":"https:\/\/www.ecologiaysalud.org\/#\/schema\/logo\/image\/","url":"https:\/\/www.ecologiaysalud.org\/wp-content\/uploads\/2023\/03\/cropped-logo_ecosalud.jpg","contentUrl":"https:\/\/www.ecologiaysalud.org\/wp-content\/uploads\/2023\/03\/cropped-logo_ecosalud.jpg","width":495,"height":308,"caption":"Asociaci\u00f3n Ecolog\u00eda y Salud"},"image":{"@id":"https:\/\/www.ecologiaysalud.org\/#\/schema\/logo\/image\/"}}]}},"jetpack_sharing_enabled":true,"_links":{"self":[{"href":"https:\/\/www.ecologiaysalud.org\/index.php?rest_route=\/wp\/v2\/pages\/29","targetHints":{"allow":["GET"]}}],"collection":[{"href":"https:\/\/www.ecologiaysalud.org\/index.php?rest_route=\/wp\/v2\/pages"}],"about":[{"href":"https:\/\/www.ecologiaysalud.org\/index.php?rest_route=\/wp\/v2\/types\/page"}],"author":[{"embeddable":true,"href":"https:\/\/www.ecologiaysalud.org\/index.php?rest_route=\/wp\/v2\/users\/1"}],"replies":[{"embeddable":true,"href":"https:\/\/www.ecologiaysalud.org\/index.php?rest_route=%2Fwp%2Fv2%2Fcomments&post=29"}],"version-history":[{"count":29,"href":"https:\/\/www.ecologiaysalud.org\/index.php?rest_route=\/wp\/v2\/pages\/29\/revisions"}],"predecessor-version":[{"id":1135,"href":"https:\/\/www.ecologiaysalud.org\/index.php?rest_route=\/wp\/v2\/pages\/29\/revisions\/1135"}],"wp:featuredmedia":[{"embeddable":true,"href":"https:\/\/www.ecologiaysalud.org\/index.php?rest_route=\/wp\/v2\/media\/963"}],"wp:attachment":[{"href":"https:\/\/www.ecologiaysalud.org\/index.php?rest_route=%2Fwp%2Fv2%2Fmedia&parent=29"}],"curies":[{"name":"wp","href":"https:\/\/api.w.org\/{rel}","templated":true}]}}