{"id":54,"date":"2021-01-20T15:28:45","date_gmt":"2021-01-20T15:28:45","guid":{"rendered":"http:\/\/www.ecologiaysalud.org\/?page_id=54"},"modified":"2021-02-26T15:23:03","modified_gmt":"2021-02-26T15:23:03","slug":"que-hacemos","status":"publish","type":"page","link":"https:\/\/www.ecologiaysalud.org\/?page_id=54","title":{"rendered":"Que hacemos"},"content":{"rendered":"\n<h1 class=\"wp-block-heading\">Qu\u00e9 hacemos<\/h1>\n\n\n\n<h3 class=\"wp-block-heading\">Descubre las iniciativas que desarrolla la Asociaci\u00f3n Ecolog\u00eda y Salud para conseguir sus fines. <\/h3>\n\n\n\n<p>Proteger la salud y proteger el medioambiente es indisoluble e inseparable. Desde Ecolog\u00eda y Salud ponemos el enfoque no tanto en el an\u00e1lisis, sino en la b\u00fasqueda de soluciones creativas e innovadoras.  Abordamos nuestros fines desde una perspectiva, pensamos m\u00e1s amable y cercana con los intereses de la ciudadan\u00eda. <\/p>\n\n\n\n<h3 class=\"wp-block-heading\">Nuestros fines:<\/h3>\n\n\n\n<ol class=\"wp-block-list\" type=\"1\"><li>Concienciar e investigar sobre los riesgos medioambientales y enfermedades relacionadas, con especial atenci\u00f3n a la relaci\u00f3n entre biodiversidad, ecolog\u00eda y salud de la infancia y adolescencia.&nbsp;Enfatizando en la b\u00fasqueda de soluciones creativas y de innovaci\u00f3n social. <\/li><li>Sensibilizar sobre el v\u00ednculo y el apego con la naturaleza, mostrando los efectos del contacto con la naturaleza en todas sus formas en el control y prevenci\u00f3n de la exposici\u00f3n a drogas y de las enfermedades cr\u00f3nicas. <\/li><li>Incrementar el contacto con la naturaleza y estudiar los efectos en el desarrollo \u00f3ptimo de los individuos (durante la etapa fetal-infanto-juvenil).<\/li><li>Generar una cultura a trav\u00e9s de la investigaci\u00f3n y divulgaci\u00f3n sobre la relaci\u00f3n entre salud humana, calidad de vida y medioambiente marino (Mar Menor) <\/li><li>Investigar y divulgar sobre salud medioambiental escolar&nbsp;<\/li><li>Sensibilizar sobre&nbsp;la contaminaci\u00f3n en las pr\u00e1cticas sanitarias y sus alternativas&nbsp;<\/li><li>Estimular y promover el autocuidado y contacto la naturaleza como herramientas preventivas y terap\u00e9uticas para la creaci\u00f3n de estilos de vida y ambientes m\u00e1s saludables para la prevenci\u00f3n de las enfermedades cr\u00f3nicas)<\/li><\/ol>\n","protected":false},"excerpt":{"rendered":"<p>Qu\u00e9 hacemos Descubre las iniciativas que desarrolla la Asociaci\u00f3n Ecolog\u00eda y Salud para conseguir sus fines. Proteger la salud y proteger el medioambiente es indisoluble e inseparable. Desde Ecolog\u00eda y<span class=\"more-button\"><a href=\"https:\/\/www.ecologiaysalud.org\/?page_id=54\" class=\"more-link\">Seguir leyendo<span class=\"screen-reader-text\">Que hacemos<\/span><\/a><\/span><\/p>\n","protected":false},"author":1,"featured_media":0,"parent":0,"menu_order":0,"comment_status":"closed","ping_status":"closed","template":"","meta":{"_mi_skip_tracking":false,"footnotes":""},"class_list":["post-54","page","type-page","status-publish","hentry"],"yoast_head":"<!-- This site is optimized with the Yoast SEO plugin v20.3 - https:\/\/yoast.com\/wordpress\/plugins\/seo\/ -->\n<title>Que hacemos - Asociaci\u00f3n Ecolog\u00eda y Salud<\/title>\n<meta name=\"robots\" content=\"index, follow, max-snippet:-1, max-image-preview:large, max-video-preview:-1\" \/>\n<link rel=\"canonical\" href=\"https:\/\/www.ecologiaysalud.org\/?page_id=54\" \/>\n<meta property=\"og:locale\" content=\"es_ES\" \/>\n<meta property=\"og:type\" content=\"article\" \/>\n<meta property=\"og:title\" content=\"Que hacemos - Asociaci\u00f3n Ecolog\u00eda y Salud\" \/>\n<meta property=\"og:description\" content=\"Qu\u00e9 hacemos Descubre las iniciativas que desarrolla la Asociaci\u00f3n Ecolog\u00eda y Salud para conseguir sus fines. Proteger la salud y proteger el medioambiente es indisoluble e inseparable. Desde Ecolog\u00eda ySeguir leyendoQue hacemos\" \/>\n<meta property=\"og:url\" content=\"https:\/\/www.ecologiaysalud.org\/?page_id=54\" \/>\n<meta property=\"og:site_name\" content=\"Asociaci\u00f3n Ecolog\u00eda y Salud\" \/>\n<meta property=\"article:modified_time\" content=\"2021-02-26T15:23:03+00:00\" \/>\n<meta name=\"twitter:card\" content=\"summary_large_image\" \/>\n<meta name=\"twitter:label1\" content=\"Tiempo de lectura\" \/>\n\t<meta name=\"twitter:data1\" content=\"2 minutos\" \/>\n<script type=\"application\/ld+json\" class=\"yoast-schema-graph\">{\"@context\":\"https:\/\/schema.org\",\"@graph\":[{\"@type\":\"WebPage\",\"@id\":\"https:\/\/www.ecologiaysalud.org\/?page_id=54\",\"url\":\"https:\/\/www.ecologiaysalud.org\/?page_id=54\",\"name\":\"Que hacemos - Asociaci\u00f3n Ecolog\u00eda y Salud\",\"isPartOf\":{\"@id\":\"https:\/\/www.ecologiaysalud.org\/#website\"},\"datePublished\":\"2021-01-20T15:28:45+00:00\",\"dateModified\":\"2021-02-26T15:23:03+00:00\",\"breadcrumb\":{\"@id\":\"https:\/\/www.ecologiaysalud.org\/?page_id=54#breadcrumb\"},\"inLanguage\":\"es\",\"potentialAction\":[{\"@type\":\"ReadAction\",\"target\":[\"https:\/\/www.ecologiaysalud.org\/?page_id=54\"]}]},{\"@type\":\"BreadcrumbList\",\"@id\":\"https:\/\/www.ecologiaysalud.org\/?page_id=54#breadcrumb\",\"itemListElement\":[{\"@type\":\"ListItem\",\"position\":1,\"name\":\"Portada\",\"item\":\"https:\/\/www.ecologiaysalud.org\/\"},{\"@type\":\"ListItem\",\"position\":2,\"name\":\"Que hacemos\"}]},{\"@type\":\"WebSite\",\"@id\":\"https:\/\/www.ecologiaysalud.org\/#website\",\"url\":\"https:\/\/www.ecologiaysalud.org\/\",\"name\":\"Asociaci\u00f3n Ecolog\u00eda y Salud\",\"description\":\"Todo est\u00e1 interconectado. Enraizamos la salud humana con la del planeta.\",\"publisher\":{\"@id\":\"https:\/\/www.ecologiaysalud.org\/#organization\"},\"potentialAction\":[{\"@type\":\"SearchAction\",\"target\":{\"@type\":\"EntryPoint\",\"urlTemplate\":\"https:\/\/www.ecologiaysalud.org\/?s={search_term_string}\"},\"query-input\":\"required name=search_term_string\"}],\"inLanguage\":\"es\"},{\"@type\":\"Organization\",\"@id\":\"https:\/\/www.ecologiaysalud.org\/#organization\",\"name\":\"Asociaci\u00f3n Ecolog\u00eda y Salud\",\"url\":\"https:\/\/www.ecologiaysalud.org\/\",\"logo\":{\"@type\":\"ImageObject\",\"inLanguage\":\"es\",\"@id\":\"https:\/\/www.ecologiaysalud.org\/#\/schema\/logo\/image\/\",\"url\":\"https:\/\/www.ecologiaysalud.org\/wp-content\/uploads\/2023\/03\/cropped-logo_ecosalud.jpg\",\"contentUrl\":\"https:\/\/www.ecologiaysalud.org\/wp-content\/uploads\/2023\/03\/cropped-logo_ecosalud.jpg\",\"width\":495,\"height\":308,\"caption\":\"Asociaci\u00f3n Ecolog\u00eda y Salud\"},\"image\":{\"@id\":\"https:\/\/www.ecologiaysalud.org\/#\/schema\/logo\/image\/\"}}]}<\/script>\n<!-- \/ Yoast SEO plugin. -->","yoast_head_json":{"title":"Que hacemos - Asociaci\u00f3n Ecolog\u00eda y Salud","robots":{"index":"index","follow":"follow","max-snippet":"max-snippet:-1","max-image-preview":"max-image-preview:large","max-video-preview":"max-video-preview:-1"},"canonical":"https:\/\/www.ecologiaysalud.org\/?page_id=54","og_locale":"es_ES","og_type":"article","og_title":"Que hacemos - Asociaci\u00f3n Ecolog\u00eda y Salud","og_description":"Qu\u00e9 hacemos Descubre las iniciativas que desarrolla la Asociaci\u00f3n Ecolog\u00eda y Salud para conseguir sus fines. Proteger la salud y proteger el medioambiente es indisoluble e inseparable. Desde Ecolog\u00eda ySeguir leyendoQue hacemos","og_url":"https:\/\/www.ecologiaysalud.org\/?page_id=54","og_site_name":"Asociaci\u00f3n Ecolog\u00eda y Salud","article_modified_time":"2021-02-26T15:23:03+00:00","twitter_card":"summary_large_image","twitter_misc":{"Tiempo de lectura":"2 minutos"},"schema":{"@context":"https:\/\/schema.org","@graph":[{"@type":"WebPage","@id":"https:\/\/www.ecologiaysalud.org\/?page_id=54","url":"https:\/\/www.ecologiaysalud.org\/?page_id=54","name":"Que hacemos - Asociaci\u00f3n Ecolog\u00eda y Salud","isPartOf":{"@id":"https:\/\/www.ecologiaysalud.org\/#website"},"datePublished":"2021-01-20T15:28:45+00:00","dateModified":"2021-02-26T15:23:03+00:00","breadcrumb":{"@id":"https:\/\/www.ecologiaysalud.org\/?page_id=54#breadcrumb"},"inLanguage":"es","potentialAction":[{"@type":"ReadAction","target":["https:\/\/www.ecologiaysalud.org\/?page_id=54"]}]},{"@type":"BreadcrumbList","@id":"https:\/\/www.ecologiaysalud.org\/?page_id=54#breadcrumb","itemListElement":[{"@type":"ListItem","position":1,"name":"Portada","item":"https:\/\/www.ecologiaysalud.org\/"},{"@type":"ListItem","position":2,"name":"Que hacemos"}]},{"@type":"WebSite","@id":"https:\/\/www.ecologiaysalud.org\/#website","url":"https:\/\/www.ecologiaysalud.org\/","name":"Asociaci\u00f3n Ecolog\u00eda y Salud","description":"Todo est\u00e1 interconectado. Enraizamos la salud humana con la del planeta.","publisher":{"@id":"https:\/\/www.ecologiaysalud.org\/#organization"},"potentialAction":[{"@type":"SearchAction","target":{"@type":"EntryPoint","urlTemplate":"https:\/\/www.ecologiaysalud.org\/?s={search_term_string}"},"query-input":"required name=search_term_string"}],"inLanguage":"es"},{"@type":"Organization","@id":"https:\/\/www.ecologiaysalud.org\/#organization","name":"Asociaci\u00f3n Ecolog\u00eda y Salud","url":"https:\/\/www.ecologiaysalud.org\/","logo":{"@type":"ImageObject","inLanguage":"es","@id":"https:\/\/www.ecologiaysalud.org\/#\/schema\/logo\/image\/","url":"https:\/\/www.ecologiaysalud.org\/wp-content\/uploads\/2023\/03\/cropped-logo_ecosalud.jpg","contentUrl":"https:\/\/www.ecologiaysalud.org\/wp-content\/uploads\/2023\/03\/cropped-logo_ecosalud.jpg","width":495,"height":308,"caption":"Asociaci\u00f3n Ecolog\u00eda y Salud"},"image":{"@id":"https:\/\/www.ecologiaysalud.org\/#\/schema\/logo\/image\/"}}]}},"jetpack_sharing_enabled":true,"_links":{"self":[{"href":"https:\/\/www.ecologiaysalud.org\/index.php?rest_route=\/wp\/v2\/pages\/54","targetHints":{"allow":["GET"]}}],"collection":[{"href":"https:\/\/www.ecologiaysalud.org\/index.php?rest_route=\/wp\/v2\/pages"}],"about":[{"href":"https:\/\/www.ecologiaysalud.org\/index.php?rest_route=\/wp\/v2\/types\/page"}],"author":[{"embeddable":true,"href":"https:\/\/www.ecologiaysalud.org\/index.php?rest_route=\/wp\/v2\/users\/1"}],"replies":[{"embeddable":true,"href":"https:\/\/www.ecologiaysalud.org\/index.php?rest_route=%2Fwp%2Fv2%2Fcomments&post=54"}],"version-history":[{"count":4,"href":"https:\/\/www.ecologiaysalud.org\/index.php?rest_route=\/wp\/v2\/pages\/54\/revisions"}],"predecessor-version":[{"id":170,"href":"https:\/\/www.ecologiaysalud.org\/index.php?rest_route=\/wp\/v2\/pages\/54\/revisions\/170"}],"wp:attachment":[{"href":"https:\/\/www.ecologiaysalud.org\/index.php?rest_route=%2Fwp%2Fv2%2Fmedia&parent=54"}],"curies":[{"name":"wp","href":"https:\/\/api.w.org\/{rel}","templated":true}]}}